{"id":642,"date":"2022-10-13T13:40:17","date_gmt":"2022-10-13T13:40:17","guid":{"rendered":"https:\/\/rincent-ndt.fr\/contact"},"modified":"2025-09-10T09:53:20","modified_gmt":"2025-09-10T09:53:20","slug":"contact","status":"publish","type":"page","link":"https:\/\/rincent-ndt.fr\/en\/contact","title":{"rendered":"Contact"},"content":{"rendered":"<div class=\"wpb-content-wrapper\"><p>[vc_section pix_over_visibility=&#8221;&#8221;][vc_row full_width=&#8221;stretch_row_content_no_spaces&#8221; content_placement=&#8221;middle&#8221; pix_particles_check=&#8221;&#8221; css=&#8221;.vc_custom_1757432370680{background-position: center !important;background-repeat: no-repeat !important;background-size: cover !important;}&#8221; el_class=&#8221;image_bloc_contact_backgrounds&#8221;][vc_column width=&#8221;2\/5&#8243; el_class=&#8221;bloc-contact&#8221;][vc_column_text]<\/p>\n<h3 style=\"text-align: left;\">Turn your ideas into reality<\/h3>\n<p>[\/vc_column_text][vc_column_text]<\/p>\n<p style=\"text-align: left;\">Fields marked with an * are required.<\/p>\n<p>[\/vc_column_text]\n<div class=\"wpcf7 no-js\" id=\"wpcf7-f721-o1\" lang=\"fr-FR\" dir=\"ltr\" data-wpcf7-id=\"721\">\n<div class=\"screen-reader-response\"><p role=\"status\" aria-live=\"polite\" aria-atomic=\"true\"><\/p> <ul><\/ul><\/div>\n<form action=\"\/en\/wp-json\/wp\/v2\/pages\/642#wpcf7-f721-o1\" method=\"post\" class=\"wpcf7-form init\" aria-label=\"Formulaire de contact\" novalidate=\"novalidate\" data-status=\"init\">\n<fieldset class=\"hidden-fields-container\"><input type=\"hidden\" name=\"_wpcf7\" value=\"721\" \/><input type=\"hidden\" name=\"_wpcf7_version\" value=\"6.1.5\" \/><input type=\"hidden\" name=\"_wpcf7_locale\" value=\"fr_FR\" \/><input type=\"hidden\" name=\"_wpcf7_unit_tag\" value=\"wpcf7-f721-o1\" \/><input type=\"hidden\" name=\"_wpcf7_container_post\" value=\"0\" \/><input type=\"hidden\" name=\"_wpcf7_posted_data_hash\" value=\"\" \/><input type=\"hidden\" name=\"_wpcf7_recaptcha_response\" value=\"\" \/>\n<\/fieldset>\n<div class=\"pix-contact7-form\"><div class=\"bouton_droite\" style=\"float:right;\">\n<label for=\"your-firstname\"><div class=\"title_btn\">Pr\u00e9nom*<\/div><div class=\"placeholder\"><span class=\"wpcf7-form-control-wrap\" data-name=\"your-firstname\"><input size=\"40\" maxlength=\"400\" class=\"wpcf7-form-control wpcf7-text wpcf7-validates-as-required\" aria-required=\"true\" aria-invalid=\"false\" placeholder=\"Pr\u00e9nom\" value=\"\" type=\"text\" name=\"your-firstname\" \/><\/span> <\/div><\/label><\/div><div class=\"bouton_gauche\" style=\"float:right;\"><label for=\"your-name\"><div class=\"title_btn\">Nom*<\/div><div class=\"placeholder\"><span class=\"wpcf7-form-control-wrap\" data-name=\"your-name\"><input size=\"40\" maxlength=\"400\" class=\"wpcf7-form-control wpcf7-text wpcf7-validates-as-required\" aria-required=\"true\" aria-invalid=\"false\" placeholder=\"Nom\" value=\"\" type=\"text\" name=\"your-name\" \/><\/span> <\/div><\/label> \n                        <\/div>\n<div class=\"bouton_droite\" style=\"float:right;\">\n                            <label><div class=\"title_btn\">T\u00e9l\u00e9phone<\/div>\n                                <div class=\"placeholder\"><span class=\"wpcf7-form-control-wrap\" data-name=\"your-tel\"><input size=\"40\" maxlength=\"400\" class=\"wpcf7-form-control wpcf7-text\" aria-invalid=\"false\" placeholder=\"T\u00e9l\u00e9phone\" value=\"\" type=\"text\" name=\"your-tel\" \/><\/span> <\/div>\n                            <\/label> \n                        <\/div>\n<div class=\"bouton_gauche\" style=\"float:right;\">\n                            <label><div class=\"title_btn\">Email*<\/div>\n                                <div class=\"placeholder\"><span class=\"wpcf7-form-control-wrap\" data-name=\"your-email\"><input size=\"40\" maxlength=\"400\" class=\"wpcf7-form-control wpcf7-email wpcf7-validates-as-required wpcf7-text wpcf7-validates-as-email\" aria-required=\"true\" aria-invalid=\"false\" placeholder=\"Email\" value=\"\" type=\"email\" name=\"your-email\" \/><\/span> <\/div>\n                            <\/label> \n                        <\/div>\n<div class=\"derniere_colomne\" style=\"float:right;\">\n                            <label><div class=\"title_btn\">Soci\u00e9t\u00e9*<\/div>\n                                <div class=\"placeholder\"><span class=\"wpcf7-form-control-wrap\" data-name=\"your-society\"><input size=\"40\" maxlength=\"400\" class=\"wpcf7-form-control wpcf7-text wpcf7-validates-as-required\" aria-required=\"true\" aria-invalid=\"false\" placeholder=\"Soci\u00e9t\u00e9\" value=\"\" type=\"text\" name=\"your-society\" \/><\/span> <\/div>\n                            <\/label>\n                        <\/div>\n<div class=\"derniere_colomne\" style=\"float:right;\">\n                            <label><div class=\"title_btn\">Demande<\/div>\n                                <div class=\"placeholder\"><span class=\"wpcf7-form-control-wrap\" data-name=\"your-message\"><textarea cols=\"40\" rows=\"10\" maxlength=\"2000\" class=\"wpcf7-form-control wpcf7-textarea\" aria-invalid=\"false\" placeholder=\"Demande\" name=\"your-message\"><\/textarea><\/span> <\/div>\n<\/label>\n                        <\/div>\n\n<div class=\"case\">\n                            <span class=\"wpcf7-form-control-wrap\" data-name=\"your-country\"><span class=\"wpcf7-form-control wpcf7-checkbox\"><span class=\"wpcf7-list-item first last\"><input type=\"checkbox\" name=\"your-country[]\" value=\"J\u2019autorise Rincent \u00e0 collecter et \u00e0 utiliser ces donn\u00e9es (email et t\u00e9l\u00e9phone)*\" \/><span class=\"wpcf7-list-item-label\">J\u2019autorise Rincent \u00e0 collecter et \u00e0 utiliser ces donn\u00e9es (email et t\u00e9l\u00e9phone)*<\/span><\/span><\/span><\/span>\n                        <\/div>\n<input class=\"wpcf7-form-control wpcf7-submit has-spinner btn_envoi\" type=\"submit\" value=\"Envoyer un message\" \/><\/div><div class=\"wpcf7-response-output\" aria-hidden=\"true\"><\/div>\n<\/form>\n<\/div>\n[vc_empty_space height=&#8221;30px&#8221;][vc_column_text]<\/p>\n<h3 style=\"text-align: left;\">Newsletter subscription<\/h3>\n<p>[\/vc_column_text][vc_column_text]<\/p>\n<p style=\"text-align: left;\">Fields marked with an * are required.<\/p>\n<p>[\/vc_column_text]\n<div class=\"wpcf7 no-js\" id=\"wpcf7-f1238-o2\" lang=\"fr-FR\" dir=\"ltr\" data-wpcf7-id=\"1238\">\n<div class=\"screen-reader-response\"><p role=\"status\" aria-live=\"polite\" aria-atomic=\"true\"><\/p> <ul><\/ul><\/div>\n<form action=\"\/en\/wp-json\/wp\/v2\/pages\/642#wpcf7-f1238-o2\" method=\"post\" class=\"wpcf7-form init\" aria-label=\"Formulaire de contact\" novalidate=\"novalidate\" data-status=\"init\">\n<fieldset class=\"hidden-fields-container\"><input type=\"hidden\" name=\"_wpcf7\" value=\"1238\" \/><input type=\"hidden\" name=\"_wpcf7_version\" value=\"6.1.5\" \/><input type=\"hidden\" name=\"_wpcf7_locale\" value=\"fr_FR\" \/><input type=\"hidden\" name=\"_wpcf7_unit_tag\" value=\"wpcf7-f1238-o2\" \/><input type=\"hidden\" name=\"_wpcf7_container_post\" value=\"0\" \/><input type=\"hidden\" name=\"_wpcf7_posted_data_hash\" value=\"\" \/><input type=\"hidden\" name=\"_wpcf7_recaptcha_response\" value=\"\" \/>\n<\/fieldset>\n<div class=\"pix-contact7-form\"><div class=\"bouton_droite\" style=\"float:right;\">\n    <label for=\"your-firstname\">\n        <div class=\"title_btn\">Pr\u00e9nom*<\/div>\n        <div class=\"placeholder\"><span class=\"wpcf7-form-control-wrap\" data-name=\"your-firstname\"><input size=\"40\" maxlength=\"400\" class=\"wpcf7-form-control wpcf7-text wpcf7-validates-as-required\" aria-required=\"true\" aria-invalid=\"false\" placeholder=\"Pr\u00e9nom\" value=\"\" type=\"text\" name=\"your-firstname\" \/><\/span><\/div>\n    <\/label>\n<\/div>\n\n<div class=\"bouton_gauche\" style=\"float:right;\">\n    <label for=\"your-name\">\n        <div class=\"title_btn\">Nom*<\/div>\n        <div class=\"placeholder\"><span class=\"wpcf7-form-control-wrap\" data-name=\"your-name\"><input size=\"40\" maxlength=\"400\" class=\"wpcf7-form-control wpcf7-text wpcf7-validates-as-required\" aria-required=\"true\" aria-invalid=\"false\" placeholder=\"Nom\" value=\"\" type=\"text\" name=\"your-name\" \/><\/span><\/div>\n    <\/label>\n<\/div>\n\n<div class=\"derniere_colomne\">\n    <label>\n        <div class=\"title_btn\">Email*<\/div>\n        <div class=\"placeholder\"><span class=\"wpcf7-form-control-wrap\" data-name=\"your-email\"><input size=\"40\" maxlength=\"400\" class=\"wpcf7-form-control wpcf7-email wpcf7-validates-as-required wpcf7-text wpcf7-validates-as-email\" aria-required=\"true\" aria-invalid=\"false\" placeholder=\"Email\" value=\"\" type=\"email\" name=\"your-email\" \/><\/span><\/div>\n    <\/label>\n<\/div>\n\n<input class=\"wpcf7-form-control wpcf7-submit has-spinner btn_envoi\" type=\"submit\" value=\"S&#039;inscrire \u00e0 la newsletter\" \/><\/div><div class=\"wpcf7-response-output\" aria-hidden=\"true\"><\/div>\n<\/form>\n<\/div>\n[vc_empty_space height=&#8221;30px&#8221;][vc_column_text]<\/p>\n<h3 style=\"text-align: left;\">Register for software updates<\/h3>\n<p>[\/vc_column_text][vc_column_text]<\/p>\n<p style=\"text-align: left;\">Fields marked with an * are required.<\/p>\n<p>[\/vc_column_text]\n<div class=\"wpcf7 no-js\" id=\"wpcf7-f1511-o3\" lang=\"fr-FR\" dir=\"ltr\" data-wpcf7-id=\"1511\">\n<div class=\"screen-reader-response\"><p role=\"status\" aria-live=\"polite\" aria-atomic=\"true\"><\/p> <ul><\/ul><\/div>\n<form action=\"\/en\/wp-json\/wp\/v2\/pages\/642#wpcf7-f1511-o3\" method=\"post\" class=\"wpcf7-form init\" aria-label=\"Formulaire de contact\" novalidate=\"novalidate\" data-status=\"init\">\n<fieldset class=\"hidden-fields-container\"><input type=\"hidden\" name=\"_wpcf7\" value=\"1511\" \/><input type=\"hidden\" name=\"_wpcf7_version\" value=\"6.1.5\" \/><input type=\"hidden\" name=\"_wpcf7_locale\" value=\"fr_FR\" \/><input type=\"hidden\" name=\"_wpcf7_unit_tag\" value=\"wpcf7-f1511-o3\" \/><input type=\"hidden\" name=\"_wpcf7_container_post\" value=\"0\" \/><input type=\"hidden\" name=\"_wpcf7_posted_data_hash\" value=\"\" \/><input type=\"hidden\" name=\"_wpcf7_recaptcha_response\" value=\"\" \/>\n<\/fieldset>\n<div class=\"pix-contact7-form\"><div class=\"bouton_droite\" style=\"float:right;\">\n    <label for=\"your-firstname\">\n        <div class=\"title_btn\">Pr\u00e9nom*<\/div>\n        <div class=\"placeholder\"><span class=\"wpcf7-form-control-wrap\" data-name=\"your-firstname\"><input size=\"40\" maxlength=\"400\" class=\"wpcf7-form-control wpcf7-text wpcf7-validates-as-required\" aria-required=\"true\" aria-invalid=\"false\" placeholder=\"Pr\u00e9nom\" value=\"\" type=\"text\" name=\"your-firstname\" \/><\/span><\/div>\n    <\/label>\n<\/div>\n\n<div class=\"bouton_gauche\" style=\"float:right;\">\n    <label for=\"your-name\">\n        <div class=\"title_btn\">Nom*<\/div>\n        <div class=\"placeholder\"><span class=\"wpcf7-form-control-wrap\" data-name=\"your-name\"><input size=\"40\" maxlength=\"400\" class=\"wpcf7-form-control wpcf7-text wpcf7-validates-as-required\" aria-required=\"true\" aria-invalid=\"false\" placeholder=\"Nom\" value=\"\" type=\"text\" name=\"your-name\" \/><\/span><\/div>\n    <\/label>\n<\/div>\n\n<div class=\"derniere_colomne\">\n    <label>\n        <div class=\"title_btn\">Email*<\/div>\n        <div class=\"placeholder\"><span class=\"wpcf7-form-control-wrap\" data-name=\"your-email\"><input size=\"40\" maxlength=\"400\" class=\"wpcf7-form-control wpcf7-email wpcf7-validates-as-required wpcf7-text wpcf7-validates-as-email\" aria-required=\"true\" aria-invalid=\"false\" placeholder=\"Email\" value=\"\" type=\"email\" name=\"your-email\" \/><\/span><\/div>\n    <\/label>\n<\/div>\n\n<input class=\"wpcf7-form-control wpcf7-submit has-spinner btn_envoi\" type=\"submit\" value=\"S&#039;inscrire aux mises \u00e0 jour logiciels\" \/><\/div><div class=\"wpcf7-response-output\" aria-hidden=\"true\"><\/div>\n<\/form>\n<\/div>\n[\/vc_column][vc_column width=&#8221;3\/5&#8243; content_align=&#8221;text-center&#8221; css=&#8221;.vc_custom_1757443039104{margin-right: 70px !important;padding-right: 0px !important;background-position: center !important;background-repeat: no-repeat !important;background-size: cover !important;}&#8221; el_class=&#8221;image_bloc_contact maincssv&#8221;]<div id=\"mineheads\" class=\"pix-heading-el text-center \"><div><div class=\"slide-in-container\"><div class=\"text-black font-weight-bold heading-text el-title_custom_color mb-12\" style=\"font-size:36;\" data-anim-type=\"\" data-anim-delay=\"0\">Contact us<\/div><\/div><\/div><\/div><div class=\"d-inline-block \" ><div class=\"pix-img-el    text-center d-inline-block imageworlds  rounded-0\"  ><img loading=\"lazy\" decoding=\"async\" class=\"card-img2 pix-img-elem rounded-0  h-1002\" style=\"width:701;max-height:295;\" width=\"1018\" height=\"441\" srcset=\"https:\/\/rincent-ndt.fr\/wp-content\/uploads\/2025\/09\/world.png 1018w, https:\/\/rincent-ndt.fr\/wp-content\/uploads\/2025\/09\/world-300x130.png 300w, https:\/\/rincent-ndt.fr\/wp-content\/uploads\/2025\/09\/world-768x333.png 768w\" sizes=\"auto, (max-width: 1018px) 100vw, 1018px\" src=\"https:\/\/rincent-ndt.fr\/wp-content\/uploads\/2025\/09\/world.png\" alt=\"\" \/><\/div><\/div>[vc_row_inner el_class=&#8221;background_contains&#8221;][vc_column_inner el_class=&#8221;image_bloc_contact_adresse&#8221; width=&#8221;1\/2&#8243;]<div id=\"adresseh\" class=\"pix-heading-el text-left  vc_custom_1757442771978\"><div><div class=\"slide-in-container\"><div class=\"text-black font-weight-bold heading-text el-title_custom_color mb-12\" style=\"font-size:23;\" data-anim-type=\"\" data-anim-delay=\"0\">Head office address<\/div><\/div><\/div><\/div>[vc_column_text css=&#8221;.vc_custom_1757434405023{margin-left: 40px !important;}&#8221; el_class=&#8221;renseignement&#8221;]4bis Rue du Bois Briard<br>91080, Courcouronnes<br>France<\/p>\n<p>Services open Monday to Friday, 8 a.m. to 6 p.m.[\/vc_column_text][\/vc_column_inner][vc_column_inner el_class=&#8221;image_bloc_contact_contact&#8221; width=&#8221;1\/2&#8243;]<div  class=\"pix-heading-el text-left  vc_custom_1757434199196\"><div><div class=\"slide-in-container\"><div class=\"text-black font-weight-bold heading-text el-title_custom_color mb-12\" style=\"font-size:23;\" data-anim-type=\"\" data-anim-delay=\"0\">Contact<\/div><\/div><\/div><\/div>[vc_column_text css=&#8221;&#8221; el_class=&#8221;renseignement&#8221;]After-sales service: <a href=\"tel:+33%207%2087%2035%2066%2030\">+33 7 87 35 66 30<\/a><br>Technical: <a href=\"tel:+33%206%2061%2018%2087%2063\">+33 6 61 18 87 63<\/a><br>Switchboard:<a href=\"tel:+33%209%2072%2032%2045%2098\"> +33 9 72 32 45 98<\/a><br>Email: <a href=\"mailto:ndt@rincent.fr\">ndt@rincent.fr<\/a>[\/vc_column_text][\/vc_column_inner][\/vc_row_inner][vc_column_text css=&#8221;&#8221; el_class=&#8221;background_contain_second&#8221;]<\/p>\n<p class=\"color-white background_contain_second_title_text\" style=\"text-align: center; font-family: 'Neue Haas Grotesk Text Pro' !important; font-style: normal; font-weight: 500 !important; margin-bottom: 9px !important;\"><strong>Representatives<\/strong><\/p>\n<p><strong>France, Africa: <\/strong><br>Contact: S\u00e9bastien Pellevrault<br>Telephone: <a href=\"tel:+33661188763\">+33 6 61 18 87 63<br>Email: <\/a><a href=\"mailto:sebastien.pellevrault@rincent.com\">sebastien.pellevrault@rincent.com<\/a><\/p>\n<p><strong>United Kingdom, Ireland: <\/strong><br>Contact: Antoine Brisson<br>Telephone: <a href=\"tel:+353876865676\">+353 87 686 5676<br>Email: <\/a><a href=\"mailto:antoine.brisson@rincent.com\">antoine.brisson@rincent.com<\/a><\/p>\n<p><strong>France, Switzerland, Belgium: <\/strong><br>Contact: Carol Chaize<br>Telephone: <a href=\"tel:+33633681784\">+33 6 33 68 17 84<\/a><br>Email: <a href=\"mailto:carolchaize@rovempartner.com\">carolchaize@rovempartner.com<\/a><br>Website: <a href=\"https:\/\/rovempartner.com\/\">Rovem partner: your public or private roadworks<\/a><\/p>\n<p><strong>Poland: <\/strong><br>Contact: Dominik Jutkowiak<br>Telephone: +48 32 4115840<br>Email: <a href=\"mailto:viateco@viateco.eu\">viateco@viateco.eu<\/a><br>Website: <a href=\"https:\/\/www.viateco.eu\/\">www.viateco.eu<\/a><\/p>\n<p>&nbsp;[\/vc_column_text]<div id=\"mineheadssd\" class=\"pix-heading-el text-center  vc_custom_1757452280270\"><div><div class=\"slide-in-container\"><div class=\"text-black font-weight-bold heading-text el-title_custom_color mb-12\" style=\"font-size:36;\" data-anim-type=\"\" data-anim-delay=\"0\">Representatives<\/div><\/div><\/div><\/div>[vc_row_inner el_class=&#8221;background_contains&#8221;][vc_column_inner el_class=&#8221;image_bloc_contact_adresse&#8221; width=&#8221;1\/2&#8243;]<div  class=\"pix-heading-el text-left  vc_custom_1757434240125\"><div><div class=\"slide-in-container\"><div class=\"text-black font-weight-bold heading-text el-title_custom_color mb-12\" style=\"font-size:23;\" data-anim-type=\"\" data-anim-delay=\"0\">France, Africa :<\/div><\/div><\/div><\/div>[vc_column_text css=&#8221;.vc_custom_1757437585427{margin-left: 40px !important;}&#8221; el_class=&#8221;renseignement&#8221;]Contact: S\u00e9bastien Pellevrault<br>Telephone: <a href=\"tel:+33%206%2061%2018%2087%2063\">+33 6 61 18 87 63<\/a><br>Email:<a href=\"mailto:sebastien.pellevrault@rincent.com\"> sebastien.pellevrault@rincent.com<\/a>[\/vc_column_text][\/vc_column_inner][vc_column_inner el_class=&#8221;image_bloc_contact_contact&#8221; width=&#8221;1\/2&#8243;]<div  class=\"pix-heading-el text-left  vc_custom_1757437685815\"><div><div class=\"slide-in-container\"><div class=\"text-black font-weight-bold heading-text el-title_custom_color mb-12\" style=\"font-size:23;\" data-anim-type=\"\" data-anim-delay=\"0\">United Kingdom, Ireland :<\/div><\/div><\/div><\/div>[vc_column_text css=&#8221;&#8221; el_class=&#8221;renseignement&#8221;]Contact: Antoine Brisson<br>Telephone: <a href=\"tel:+353%2087%20686%205676\">+353 87 686 5676<\/a><br>Email: <a href=\"mailto:antoine.brisson@rincent.com\">antoine.brisson@rincent.com<\/a>[\/vc_column_text][\/vc_column_inner][\/vc_row_inner][vc_row_inner el_class=&#8221;background_contains&#8221;][vc_column_inner el_class=&#8221;image_bloc_contact_adresse&#8221; width=&#8221;1\/2&#8243; css=&#8221;.vc_custom_1757437730778{margin-top: 40px !important;}&#8221;]<div  class=\"pix-heading-el text-left  vc_custom_1757434254014\"><div><div class=\"slide-in-container\"><div class=\"text-black font-weight-bold heading-text el-title_custom_color mb-12\" style=\"font-size:23;\" data-anim-type=\"\" data-anim-delay=\"0\">France, Switzerland, Belgium :<\/div><\/div><\/div><\/div>[vc_column_text css=&#8221;.vc_custom_1757437562201{margin-left: 40px !important;}&#8221; el_class=&#8221;renseignement&#8221;]Contact: Carol Chaize<br>Telephone: <a href=\"tel:+33%206%2033%2068%2017%2084\">+33 6 33 68 17 84<\/a><br>Email:<a href=\"mailto:carolchaize@rovempartner.com\"> carolchaize@rovempartner.com<\/a><br>Website: Rovem partner: your public roadworks<br>or private roadworks[\/vc_column_text][\/vc_column_inner][vc_column_inner el_class=&#8221;image_bloc_contact_contact&#8221; width=&#8221;1\/2&#8243;]<div  class=\"pix-heading-el text-left  vc_custom_1757437747901\"><div><div class=\"slide-in-container\"><div class=\"text-black font-weight-bold heading-text el-title_custom_color mb-12\" style=\"font-size:23;\" data-anim-type=\"\" data-anim-delay=\"0\">Poland :<\/div><\/div><\/div><\/div>[vc_column_text css=&#8221;&#8221; el_class=&#8221;renseignement&#8221;]Contact: Dominik Jutkowiak<br>Telephone: <a href=\"tel:+48%2032%204115840\">+48 32 4115840<\/a><br>Email: <a href=\"mailto:viateco@viateco.eu\">viateco@viateco.eu<\/a><br>Website: <a href=\"http:\/\/www.viateco.eu\">www.viateco.eu<\/a>[\/vc_column_text][\/vc_column_inner][\/vc_row_inner][\/vc_column][\/vc_row][\/vc_section]<\/p>\n<\/div>","protected":false},"excerpt":{"rendered":"[vc_section pix_over_visibility=&#8221;&#8221;][vc_row full_width=&#8221;stretch_row_content_no_spaces&#8221; content_placement=&#8221;middle&#8221; pix_particles_check=&#8221;&#8221; css=&#8221;.vc_custom_1757432370680{background-position: center !important;background-repeat: no-repeat !important;background-size: cover !important;}&#8221; el_class=&#8221;image_bloc_contact_backgrounds&#8221;][vc_column width=&#8221;2\/5&#8243; el_class=&#8221;bloc-contact&#8221;][vc_column_text] Turn your ideas into reality [\/vc_column_text][vc_column_text] Fields marked with an * are required. [\/vc_column_text][vc_empty_space height=&#8221;30px&#8221;][vc_column_text] Newsletter subscription [\/vc_column_text][vc_column_text] Fields marked with an * are required&#8230;.","protected":false},"author":1,"featured_media":0,"parent":0,"menu_order":0,"comment_status":"closed","ping_status":"closed","template":"","meta":{"_acf_changed":false,"footnotes":""},"class_list":["post-642","page","type-page","status-publish","hentry"],"acf":[],"yoast_head":"<!-- This site is optimized with the Yoast SEO plugin v27.3 - https:\/\/yoast.com\/product\/yoast-seo-wordpress\/ -->\n<title>Contact - Rincent<\/title>\n<meta name=\"description\" content=\"Our support is available on +33 7 87 35 66 30 Contact SAV , sav.ndt@rincent.com Email : ndt@rincent.fr\" \/>\n<meta name=\"robots\" content=\"index, follow, max-snippet:-1, max-image-preview:large, max-video-preview:-1\" \/>\n<link rel=\"canonical\" href=\"https:\/\/rincent-ndt.fr\/en\/contact\" \/>\n<meta property=\"og:locale\" content=\"en_US\" \/>\n<meta property=\"og:type\" content=\"article\" \/>\n<meta property=\"og:title\" content=\"Contact - Rincent\" \/>\n<meta property=\"og:description\" content=\"Our support is available on +33 7 87 35 66 30 Contact SAV , sav.ndt@rincent.com Email : ndt@rincent.fr\" \/>\n<meta property=\"og:url\" content=\"https:\/\/rincent-ndt.fr\/en\/contact\" \/>\n<meta property=\"og:site_name\" content=\"Rincent\" \/>\n<meta property=\"article:modified_time\" content=\"2025-09-10T09:53:20+00:00\" \/>\n<meta name=\"twitter:card\" content=\"summary_large_image\" \/>\n<meta name=\"twitter:label1\" content=\"Est. reading time\" \/>\n\t<meta name=\"twitter:data1\" content=\"1 minute\" \/>\n<script type=\"application\/ld+json\" class=\"yoast-schema-graph\">{\"@context\":\"https:\\\/\\\/schema.org\",\"@graph\":[{\"@type\":\"WebPage\",\"@id\":\"https:\\\/\\\/rincent-ndt.fr\\\/en\\\/contact\",\"url\":\"https:\\\/\\\/rincent-ndt.fr\\\/en\\\/contact\",\"name\":\"Contact - Rincent\",\"isPartOf\":{\"@id\":\"https:\\\/\\\/rincent-ndt.fr\\\/en#website\"},\"datePublished\":\"2022-10-13T13:40:17+00:00\",\"dateModified\":\"2025-09-10T09:53:20+00:00\",\"description\":\"Our support is available on +33 7 87 35 66 30 Contact SAV , sav.ndt@rincent.com Email : ndt@rincent.fr\",\"breadcrumb\":{\"@id\":\"https:\\\/\\\/rincent-ndt.fr\\\/en\\\/contact#breadcrumb\"},\"inLanguage\":\"en-US\",\"potentialAction\":[{\"@type\":\"ReadAction\",\"target\":[\"https:\\\/\\\/rincent-ndt.fr\\\/en\\\/contact\"]}]},{\"@type\":\"BreadcrumbList\",\"@id\":\"https:\\\/\\\/rincent-ndt.fr\\\/en\\\/contact#breadcrumb\",\"itemListElement\":[{\"@type\":\"ListItem\",\"position\":1,\"name\":\"Accueil\",\"item\":\"https:\\\/\\\/rincent-ndt.fr\\\/en\\\/home\"},{\"@type\":\"ListItem\",\"position\":2,\"name\":\"Contact\"}]},{\"@type\":\"WebSite\",\"@id\":\"https:\\\/\\\/rincent-ndt.fr\\\/en#website\",\"url\":\"https:\\\/\\\/rincent-ndt.fr\\\/en\",\"name\":\"Rincent\",\"description\":\"ND Technologies\",\"potentialAction\":[{\"@type\":\"SearchAction\",\"target\":{\"@type\":\"EntryPoint\",\"urlTemplate\":\"https:\\\/\\\/rincent-ndt.fr\\\/en?s={search_term_string}\"},\"query-input\":{\"@type\":\"PropertyValueSpecification\",\"valueRequired\":true,\"valueName\":\"search_term_string\"}}],\"inLanguage\":\"en-US\"}]}<\/script>\n<!-- \/ Yoast SEO plugin. -->","yoast_head_json":{"title":"Contact - Rincent","description":"Our support is available on +33 7 87 35 66 30 Contact SAV , sav.ndt@rincent.com Email : ndt@rincent.fr","robots":{"index":"index","follow":"follow","max-snippet":"max-snippet:-1","max-image-preview":"max-image-preview:large","max-video-preview":"max-video-preview:-1"},"canonical":"https:\/\/rincent-ndt.fr\/en\/contact","og_locale":"en_US","og_type":"article","og_title":"Contact - Rincent","og_description":"Our support is available on +33 7 87 35 66 30 Contact SAV , sav.ndt@rincent.com Email : ndt@rincent.fr","og_url":"https:\/\/rincent-ndt.fr\/en\/contact","og_site_name":"Rincent","article_modified_time":"2025-09-10T09:53:20+00:00","twitter_card":"summary_large_image","twitter_misc":{"Est. reading time":"1 minute"},"schema":{"@context":"https:\/\/schema.org","@graph":[{"@type":"WebPage","@id":"https:\/\/rincent-ndt.fr\/en\/contact","url":"https:\/\/rincent-ndt.fr\/en\/contact","name":"Contact - Rincent","isPartOf":{"@id":"https:\/\/rincent-ndt.fr\/en#website"},"datePublished":"2022-10-13T13:40:17+00:00","dateModified":"2025-09-10T09:53:20+00:00","description":"Our support is available on +33 7 87 35 66 30 Contact SAV , sav.ndt@rincent.com Email : ndt@rincent.fr","breadcrumb":{"@id":"https:\/\/rincent-ndt.fr\/en\/contact#breadcrumb"},"inLanguage":"en-US","potentialAction":[{"@type":"ReadAction","target":["https:\/\/rincent-ndt.fr\/en\/contact"]}]},{"@type":"BreadcrumbList","@id":"https:\/\/rincent-ndt.fr\/en\/contact#breadcrumb","itemListElement":[{"@type":"ListItem","position":1,"name":"Accueil","item":"https:\/\/rincent-ndt.fr\/en\/home"},{"@type":"ListItem","position":2,"name":"Contact"}]},{"@type":"WebSite","@id":"https:\/\/rincent-ndt.fr\/en#website","url":"https:\/\/rincent-ndt.fr\/en","name":"Rincent","description":"ND Technologies","potentialAction":[{"@type":"SearchAction","target":{"@type":"EntryPoint","urlTemplate":"https:\/\/rincent-ndt.fr\/en?s={search_term_string}"},"query-input":{"@type":"PropertyValueSpecification","valueRequired":true,"valueName":"search_term_string"}}],"inLanguage":"en-US"}]}},"_links":{"self":[{"href":"https:\/\/rincent-ndt.fr\/en\/wp-json\/wp\/v2\/pages\/642","targetHints":{"allow":["GET"]}}],"collection":[{"href":"https:\/\/rincent-ndt.fr\/en\/wp-json\/wp\/v2\/pages"}],"about":[{"href":"https:\/\/rincent-ndt.fr\/en\/wp-json\/wp\/v2\/types\/page"}],"author":[{"embeddable":true,"href":"https:\/\/rincent-ndt.fr\/en\/wp-json\/wp\/v2\/users\/1"}],"replies":[{"embeddable":true,"href":"https:\/\/rincent-ndt.fr\/en\/wp-json\/wp\/v2\/comments?post=642"}],"version-history":[{"count":32,"href":"https:\/\/rincent-ndt.fr\/en\/wp-json\/wp\/v2\/pages\/642\/revisions"}],"predecessor-version":[{"id":5403,"href":"https:\/\/rincent-ndt.fr\/en\/wp-json\/wp\/v2\/pages\/642\/revisions\/5403"}],"wp:attachment":[{"href":"https:\/\/rincent-ndt.fr\/en\/wp-json\/wp\/v2\/media?parent=642"}],"curies":[{"name":"wp","href":"https:\/\/api.w.org\/{rel}","templated":true}]}}